{"id":16223,"date":"2023-01-22T22:31:24","date_gmt":"2023-01-22T21:31:24","guid":{"rendered":"https:\/\/jarrebt.com\/tn\/?page_id=16223"},"modified":"2023-01-22T22:31:24","modified_gmt":"2023-01-22T21:31:24","slug":"top-30-meilleurs-cardiologues-a-tunis","status":"publish","type":"page","link":"https:\/\/jarrebt.com\/tn\/top-30-meilleurs-cardiologues-a-tunis\/","title":{"rendered":"Top 30: Meilleurs Cardiologues \u00e0 Tunis"},"content":{"rendered":"<p>Vous cherchez un bon m\u00e9decin Cardiologue \u00e0 Tunis? Voici une liste dynamique des sp\u00e9cialistes des maladies cardio-vasculaires de Tunis les mieux not\u00e9s par les patients.<\/p>\n","protected":false},"excerpt":{"rendered":"<p>Vous cherchez un bon m\u00e9decin Cardiologue \u00e0 Tunis? Voici une liste dynamique des sp\u00e9cialistes des maladies cardio-vasculaires de Tunis les mieux not\u00e9s par les patients.<\/p>\n","protected":false},"author":1,"featured_media":16204,"parent":0,"menu_order":0,"comment_status":"closed","ping_status":"closed","template":"page-templates\/template-widgetized.php","meta":{"footnotes":""},"class_list":["post-16223","page","type-page","status-publish","has-post-thumbnail","hentry","content-box content-box-wrapper"],"aioseo_notices":[],"_links":{"self":[{"href":"https:\/\/jarrebt.com\/tn\/wp-json\/wp\/v2\/pages\/16223","targetHints":{"allow":["GET"]}}],"collection":[{"href":"https:\/\/jarrebt.com\/tn\/wp-json\/wp\/v2\/pages"}],"about":[{"href":"https:\/\/jarrebt.com\/tn\/wp-json\/wp\/v2\/types\/page"}],"author":[{"embeddable":true,"href":"https:\/\/jarrebt.com\/tn\/wp-json\/wp\/v2\/users\/1"}],"replies":[{"embeddable":true,"href":"https:\/\/jarrebt.com\/tn\/wp-json\/wp\/v2\/comments?post=16223"}],"version-history":[{"count":1,"href":"https:\/\/jarrebt.com\/tn\/wp-json\/wp\/v2\/pages\/16223\/revisions"}],"predecessor-version":[{"id":16224,"href":"https:\/\/jarrebt.com\/tn\/wp-json\/wp\/v2\/pages\/16223\/revisions\/16224"}],"wp:featuredmedia":[{"embeddable":true,"href":"https:\/\/jarrebt.com\/tn\/wp-json\/wp\/v2\/media\/16204"}],"wp:attachment":[{"href":"https:\/\/jarrebt.com\/tn\/wp-json\/wp\/v2\/media?parent=16223"}],"curies":[{"name":"wp","href":"https:\/\/api.w.org\/{rel}","templated":true}]}}