{"id":16210,"date":"2023-01-22T22:01:52","date_gmt":"2023-01-22T21:01:52","guid":{"rendered":"https:\/\/jarrebt.com\/tn\/?page_id=16210"},"modified":"2023-01-22T22:01:52","modified_gmt":"2023-01-22T21:01:52","slug":"top-30-meilleurs-dermatologues-a-tunis","status":"publish","type":"page","link":"https:\/\/jarrebt.com\/tn\/top-30-meilleurs-dermatologues-a-tunis\/","title":{"rendered":"Top 30 Meilleurs Dermatologues \u00e0 Tunis"},"content":{"rendered":"<p>Vous cherchez un bon dermatologue \u00e0 Tunis? Voici une liste dynamique des dermato de Tunis les mieux not\u00e9s par les patients.<\/p>\n","protected":false},"excerpt":{"rendered":"<p>Vous cherchez un bon dermatologue \u00e0 Tunis? Voici une liste dynamique des dermato de Tunis les mieux not\u00e9s par les patients.<\/p>\n","protected":false},"author":1,"featured_media":16204,"parent":0,"menu_order":0,"comment_status":"closed","ping_status":"closed","template":"page-templates\/template-widgetized.php","meta":{"footnotes":""},"class_list":["post-16210","page","type-page","status-publish","has-post-thumbnail","hentry","content-box content-box-wrapper"],"aioseo_notices":[],"_links":{"self":[{"href":"https:\/\/jarrebt.com\/tn\/wp-json\/wp\/v2\/pages\/16210","targetHints":{"allow":["GET"]}}],"collection":[{"href":"https:\/\/jarrebt.com\/tn\/wp-json\/wp\/v2\/pages"}],"about":[{"href":"https:\/\/jarrebt.com\/tn\/wp-json\/wp\/v2\/types\/page"}],"author":[{"embeddable":true,"href":"https:\/\/jarrebt.com\/tn\/wp-json\/wp\/v2\/users\/1"}],"replies":[{"embeddable":true,"href":"https:\/\/jarrebt.com\/tn\/wp-json\/wp\/v2\/comments?post=16210"}],"version-history":[{"count":1,"href":"https:\/\/jarrebt.com\/tn\/wp-json\/wp\/v2\/pages\/16210\/revisions"}],"predecessor-version":[{"id":16211,"href":"https:\/\/jarrebt.com\/tn\/wp-json\/wp\/v2\/pages\/16210\/revisions\/16211"}],"wp:featuredmedia":[{"embeddable":true,"href":"https:\/\/jarrebt.com\/tn\/wp-json\/wp\/v2\/media\/16204"}],"wp:attachment":[{"href":"https:\/\/jarrebt.com\/tn\/wp-json\/wp\/v2\/media?parent=16210"}],"curies":[{"name":"wp","href":"https:\/\/api.w.org\/{rel}","templated":true}]}}