{"id":36,"date":"2018-12-19T18:55:29","date_gmt":"2018-12-19T17:55:29","guid":{"rendered":"https:\/\/jarrebt.com\/dz\/tos\/"},"modified":"2018-12-20T15:26:11","modified_gmt":"2018-12-20T14:26:11","slug":"tos","status":"publish","type":"page","link":"https:\/\/jarrebt.com\/dz\/tos\/","title":{"rendered":"Politique de confidentialit\u00e9 Jarrebt Alg\u00e9rie"},"content":{"rendered":"<p>Devant le d\u00e9veloppement des nouveaux outils de communication, il est n\u00e9cessaire de porter une attention particuli\u00e8re \u00e0 la protection de la vie priv\u00e9e. C\u2019est pourquoi, \u00e0 Jarrebt Alg\u00e9rie nous nous engageons \u00e0 respecter la confidentialit\u00e9 des renseignements personnels que nous collectons.<\/p>\n<h2>Collecte des renseignements personnels<\/h2>\n<p>Pour les utilisateurs qui mettent des commentaires sur des Professionnels \u00e0 Jarrebt.com\/dz , nous collectons les renseignements suivants :<\/p>\n<ul>\n<li>Nom<\/li>\n<li>Pr\u00e9nom<\/li>\n<li>Adresse \u00e9lectronique<\/li>\n<\/ul>\n<p>Les renseignements personnels que nous collectons sont recueillis au travers de formulaires de connexion et gr\u00e2ce \u00e0 l\u2019interactivit\u00e9 \u00e9tablie entre vous et notre site Web. Nous utilisons \u00e9galement, comme indiqu\u00e9 dans la section suivante, des fichiers t\u00e9moins et\/ou journaux pour r\u00e9unir des informations vous concernant.<\/p>\n<hr \/>\n<h2>Formulaires \u00a0de contact et interactivit\u00e9:<\/h2>\n<p>Si vous compl\u00e9ter le formulaire de la page\u00a0<a href=\"http:\/\/jarrebt.com\/dz\/nous-contacter\/\">Nous Contacter<\/a>, vos renseignements personnels sont collect\u00e9s par le biais du formulaire.<\/p>\n<p>Nous utilisons les renseignements ainsi collect\u00e9s pour les finalit\u00e9s suivantes :<\/p>\n<ul>\n<li>Statistiques<\/li>\n<li>Contact<\/li>\n<\/ul>\n<p>Nous utilisons les renseignements ainsi collect\u00e9s pour les finalit\u00e9s suivantes :<\/p>\n<ul>\n<li>R\u00e9ponse \u00e0 la fiche de contact<\/li>\n<li>Informations ou pour des offres promotionnelles<\/li>\n<\/ul>\n<h2>Fichiers journaux et t\u00e9moins<\/h2>\n<p>Nous recueillons certaines informations par le biais de fichiers journaux (log file) et de fichiers t\u00e9moins (cookies). Il s\u2019agit principalement des informations suivantes :<\/p>\n<ul>\n<li>Adresse IP<\/li>\n<li>Syst\u00e8me d\u2019exploitation<\/li>\n<li>Pages visit\u00e9es et requ\u00eates<\/li>\n<li>Heure et jour de connexion<\/li>\n<\/ul>\n<p>Le recours \u00e0 de tels fichiers nous permet :<\/p>\n<ul>\n<li>Am\u00e9lioration du service et accueil personnalis\u00e9<\/li>\n<li>Profil personnalis\u00e9 de consommation<\/li>\n<li>Affichage de publicit\u00e9s cibl\u00e9es par nos annonceurs<\/li>\n<li>Statistique<\/li>\n<\/ul>\n<h2><\/h2>\n<h2>S\u00e9curit\u00e9<\/h2>\n<p>Les renseignements personnels que nous collectons sont conserv\u00e9s dans un environnement s\u00e9curis\u00e9. Les personnes travaillant pour nous sont tenues de respecter la confidentialit\u00e9 de vos informations.<br \/>\nPour assurer la s\u00e9curit\u00e9 de vos renseignements personnels, nous avons recours aux mesures suivantes :<\/p>\n<ul>\n<li>Sauvegarde informatique<\/li>\n<li>Protection et s\u00e9curisation des donn\u00e9es<\/li>\n<li>S\u00e9curisation et restriction d\u2019acc\u00e8s aux donn\u00e9es<\/li>\n<\/ul>\n<p>Nous nous engageons \u00e0 maintenir un haut degr\u00e9 de confidentialit\u00e9 en int\u00e9grant les derni\u00e8res innovations technologiques permettant d\u2019assurer la confidentialit\u00e9 de vos transactions. Toutefois, comme aucun m\u00e9canisme n\u2019offre une s\u00e9curit\u00e9 maximale, une part de risque est toujours pr\u00e9sente lorsque l\u2019on utilise Internet pour transmettre des<\/p>\n","protected":false},"excerpt":{"rendered":"<p>Devant le d\u00e9veloppement des nouveaux outils de communication, il est n\u00e9cessaire de porter une attention particuli\u00e8re \u00e0 la protection de la vie priv\u00e9e. C\u2019est pourquoi, \u00e0 Jarrebt Alg\u00e9rie nous nous engageons \u00e0 respecter la confidentialit\u00e9 des renseignements personnels que nous collectons. Collecte des renseignements personnels Pour les utilisateurs qui mettent des commentaires sur des Professionnels&hellip;<\/p>\n","protected":false},"author":1,"featured_media":106,"parent":0,"menu_order":0,"comment_status":"closed","ping_status":"closed","template":"page-templates\/template-single-column.php","meta":{"footnotes":""},"class_list":["post-36","page","type-page","status-publish","has-post-thumbnail","hentry","content-box content-box-wrapper"],"aioseo_notices":[],"_links":{"self":[{"href":"https:\/\/jarrebt.com\/dz\/wp-json\/wp\/v2\/pages\/36","targetHints":{"allow":["GET"]}}],"collection":[{"href":"https:\/\/jarrebt.com\/dz\/wp-json\/wp\/v2\/pages"}],"about":[{"href":"https:\/\/jarrebt.com\/dz\/wp-json\/wp\/v2\/types\/page"}],"author":[{"embeddable":true,"href":"https:\/\/jarrebt.com\/dz\/wp-json\/wp\/v2\/users\/1"}],"replies":[{"embeddable":true,"href":"https:\/\/jarrebt.com\/dz\/wp-json\/wp\/v2\/comments?post=36"}],"version-history":[{"count":1,"href":"https:\/\/jarrebt.com\/dz\/wp-json\/wp\/v2\/pages\/36\/revisions"}],"predecessor-version":[{"id":18868,"href":"https:\/\/jarrebt.com\/dz\/wp-json\/wp\/v2\/pages\/36\/revisions\/18868"}],"wp:featuredmedia":[{"embeddable":true,"href":"https:\/\/jarrebt.com\/dz\/wp-json\/wp\/v2\/media\/106"}],"wp:attachment":[{"href":"https:\/\/jarrebt.com\/dz\/wp-json\/wp\/v2\/media?parent=36"}],"curies":[{"name":"wp","href":"https:\/\/api.w.org\/{rel}","templated":true}]}}