{"id":29,"date":"2018-12-19T18:55:21","date_gmt":"2018-12-19T17:55:21","guid":{"rendered":"https:\/\/jarrebt.com\/dz\/how-it-works\/"},"modified":"2018-12-20T15:38:59","modified_gmt":"2018-12-20T14:38:59","slug":"how-it-works","status":"publish","type":"page","link":"https:\/\/jarrebt.com\/dz\/how-it-works\/","title":{"rendered":"Comment \u00e7a marche"},"content":{"rendered":"<ul>\n<li>Vous avez d\u00e9j\u00e0 essay\u00e9\u00a0 un professionnel ou un artisan dont vous avez ador\u00e9 la prestation et vous auriez souhait\u00e9 la partager avec les autres?<\/li>\n<li>Vous avez d\u00e9j\u00e0 exp\u00e9riment\u00e9 un profesionnel dont vous regrettez le choix et vous souhaitez le faire savoir \u00e0 d\u2019autres alg\u00e9riens?<\/li>\n<li>Vous avez d\u00e9j\u00e0 essay\u00e9 de chercher des conseils aupr\u00e8s de vos amis et connaissances pour avoir un bon professionnel?<\/li>\n<\/ul>\n<p><strong><a href=\"http:\/\/jarrebt.com\/dz\">Jarrebt.com<\/a>\u00a0<\/strong>est la r\u00e9ponse en ligne \u00e0 toutes ces questions qui devrait changer notre relation avec les professionnels et artisans en Alg\u00e9rie.<br \/>\nIl vous permet en effet de partager vos opinions, retours d\u2019exp\u00e9riences et aussi donner une note \u00e0 des milliers de professionnels et artisans \u00e0 travers toute l&#8217;Alg\u00e9rie.<br \/>\nIl vous permet \u00e9galement de recommander et ajouter de nouveaux professionnels et artisans avec la possibilit\u00e9 de leur donner une note initiale.<\/p>\n<p>In fine, nous arriverons \u00e0 une base de Artisans et professionnels recommand\u00e9s visibles \u00e0 tous les alg\u00e9riens. Que le meilleur gagne!<\/p>\n<p>Tout cela ne sera possible sans votre participation intense dans le partage d\u2019exp\u00e9riences sur les\u00a0professionnels que vous avez exp\u00e9riment\u00e9s (que l\u2019exp\u00e9rience soit bonne ou mauvaise)<\/p>\n<p>Si vous aimez l\u2019id\u00e9e du site, nous vous prions gentiment de partager ce message avec vos contacts.<\/p>\n<p>N\u2019h\u00e9sitez pas \u00e9galement si vous avez des propositions d\u2019am\u00e9lioration. C\u2019est avant tout votre espace<\/p>\n<h3><\/h3>\n<h2><strong>1- Vous \u00eates un particulier?<\/strong><\/h2>\n<p>Venez partager avec les autres utilisateurs de Jarrebt.com\u00a0vos retours d\u2019exp\u00e9riences (bonnes ou mauvaises\u00a0<img decoding=\"async\" class=\"emoji\" draggable=\"false\" src=\"https:\/\/s.w.org\/images\/core\/emoji\/11\/svg\/1f642.svg\" alt=\"\ud83d\ude42\" \/>\u00a0) sur les prestations des professionnels en Alg\u00e9rie.<\/p>\n<p>Pour cela, il suffit de vous\u00a0<a href=\"https:\/\/jarrebt.com\/dz\/myaccount\/\">connecter via votre compte<\/a>\u00a0Vous pouvez soit:<\/p>\n<ul>\n<li><b><a href=\"https:\/\/jarrebt.com\/dz\/\">Trouver le professionnel<\/a>\u00a0<\/b>test\u00e9 et recommand\u00e9 le plus proche de chez vous<\/li>\n<li><strong><a href=\"https:\/\/jarrebt.com\/dz\/add-your-listing\/\">Ajouter un professionnel<\/a>,<\/strong>\u00a0que vous avez test\u00e9 et souhait\u00e9 recommander aux autres.<\/li>\n<li>Effectuer des r\u00e9servations et prises de rendez-vous en ligne gratuitement<\/li>\n<li>Partager, en toute libert\u00e9, vos avis sur les professionnels que vous avez test\u00e9s<\/li>\n<\/ul>\n<p>Les avis seront visibles par les autres utilisateurs et lui permettront d\u2019avoir une id\u00e9e sur la prestation du professionnel en question. N\u2019h\u00e9sitez pas \u00e0 partager fid\u00e8lement vos retours d\u2019exp\u00e9riences sur plusieurs professionnels afin de pouvoir aider efficacement les autres utilisateurs.<\/p>\n<h2><strong>2- Vous \u00eates un professionnel?<\/strong><\/h2>\n<p><a href=\"https:\/\/jarrebt.com\/dz\">Jarrebt.com<\/a>\u00a0vous offre gratuitement une panoplies de fonctionnalit\u00e9s Premium exclusives.\u00a0<strong>OFFRE GRATUITE\u00a0<\/strong><b>LIMIT\u00c9E<\/b><\/p>\n<p>Faites vous connaitre gratuitement, \u00e0 l\u2019aide de nos services Premium. Jarrebt.com permet une<\/p>\n<p>Profiter\u00a0<strong>gratuitement (OFFRE LIMITEE)<\/strong>\u00a0de nos programmes Premium. Plusieurs fonctionnalit\u00e9s sont possibles:<\/p>\n<ul>\n<li>Faites vous exposer sur le web et disposer d\u2019une page d\u00e9di\u00e9e sur Jarrebt.com \u00e0 travers le menu\u00a0<strong><a href=\"https:\/\/jarrebt.com\/dz\/add-your-listing\/\">Ajouter\u00a0un professionnel<\/a>.<\/strong><\/li>\n<li>Personnaliser votre page: Ajout de Vid\u00e9os, Galeries de photos, Description longue, produits commercialis\u00e9s\u2026\u00a0<strong>OFFRE GRATUITE\u00a0<\/strong><b>LIMIT\u00c9E<\/b><\/li>\n<li>G\u00e9rer vous rendez-vous et vos r\u00e9servations en ligne. Permettez \u00e0 vos clients d\u2019effectuer des r\u00e9servations et g\u00e9rez vos calendriers facilement sur Jarrebt.com\u00a0<strong>OFFRE GRATUITE\u00a0<\/strong><b>LIMIT\u00c9E<\/b><\/li>\n<li>Acc\u00e9der<b>\u00a0<\/b>aux statistiques de votre page\u00a0<strong>OFFRE GRATUITE\u00a0<\/strong><b>LIMIT\u00c9E<\/b><\/li>\n<li>Pubier<b>\u00a0<\/b>des \u00e9v\u00e8nements sur le site Jarrebt.com et mieux communiquer avec vos clients potentiels\u00a0<strong>OFFRE GRATUITE\u00a0<\/strong><b>LIMIT\u00c9E<\/b><\/li>\n<\/ul>\n<p>Si votre page est d\u00e9j\u00e0 pr\u00e9sente sur le site Jarrebt.com et vous souhaitez b\u00e9n\u00e9ficier gratuitement de ces fonctionnalit\u00e9s, n\u2019h\u00e9sitez pas \u00e0\u00a0<strong><a href=\"https:\/\/jarrebt.com\/dz\/nous-contacter\/\">nous contacter.<\/a><\/strong><\/p>\n","protected":false},"excerpt":{"rendered":"<p>Vous avez d\u00e9j\u00e0 essay\u00e9\u00a0 un professionnel ou un artisan dont vous avez ador\u00e9 la prestation et vous auriez souhait\u00e9 la partager avec les autres? Vous avez d\u00e9j\u00e0 exp\u00e9riment\u00e9 un profesionnel dont vous regrettez le choix et vous souhaitez le faire savoir \u00e0 d\u2019autres alg\u00e9riens? Vous avez d\u00e9j\u00e0 essay\u00e9 de chercher des conseils aupr\u00e8s de vos&hellip;<\/p>\n","protected":false},"author":1,"featured_media":34,"parent":0,"menu_order":0,"comment_status":"closed","ping_status":"closed","template":"page-templates\/template-single-column.php","meta":{"footnotes":""},"class_list":["post-29","page","type-page","status-publish","has-post-thumbnail","hentry","content-box content-box-wrapper"],"aioseo_notices":[],"_links":{"self":[{"href":"https:\/\/jarrebt.com\/dz\/wp-json\/wp\/v2\/pages\/29","targetHints":{"allow":["GET"]}}],"collection":[{"href":"https:\/\/jarrebt.com\/dz\/wp-json\/wp\/v2\/pages"}],"about":[{"href":"https:\/\/jarrebt.com\/dz\/wp-json\/wp\/v2\/types\/page"}],"author":[{"embeddable":true,"href":"https:\/\/jarrebt.com\/dz\/wp-json\/wp\/v2\/users\/1"}],"replies":[{"embeddable":true,"href":"https:\/\/jarrebt.com\/dz\/wp-json\/wp\/v2\/comments?post=29"}],"version-history":[{"count":5,"href":"https:\/\/jarrebt.com\/dz\/wp-json\/wp\/v2\/pages\/29\/revisions"}],"predecessor-version":[{"id":18874,"href":"https:\/\/jarrebt.com\/dz\/wp-json\/wp\/v2\/pages\/29\/revisions\/18874"}],"wp:featuredmedia":[{"embeddable":true,"href":"https:\/\/jarrebt.com\/dz\/wp-json\/wp\/v2\/media\/34"}],"wp:attachment":[{"href":"https:\/\/jarrebt.com\/dz\/wp-json\/wp\/v2\/media?parent=29"}],"curies":[{"name":"wp","href":"https:\/\/api.w.org\/{rel}","templated":true}]}}