{"id":25,"date":"2018-12-19T18:55:16","date_gmt":"2018-12-19T17:55:16","guid":{"rendered":"https:\/\/jarrebt.com\/dz\/home\/"},"modified":"2018-12-22T23:36:17","modified_gmt":"2018-12-22T22:36:17","slug":"home","status":"publish","type":"page","link":"https:\/\/jarrebt.com\/dz\/","title":{"rendered":"Explorer l&#8217;Alg\u00e9rie"},"content":{"rendered":"<p style=\"text-align: center;\">Trouver le professionnel test\u00e9 &amp; recommand\u00e9 tout pr\u00e8s de chez vous<\/p>\n","protected":false},"excerpt":{"rendered":"<p>Trouver le professionnel test\u00e9 &amp; recommand\u00e9 tout pr\u00e8s de chez vous<\/p>\n","protected":false},"author":1,"featured_media":18876,"parent":0,"menu_order":0,"comment_status":"closed","ping_status":"closed","template":"page-templates\/template-home.php","meta":{"footnotes":""},"class_list":["post-25","page","type-page","status-publish","has-post-thumbnail","hentry","content-box content-box-wrapper"],"aioseo_notices":[],"_links":{"self":[{"href":"https:\/\/jarrebt.com\/dz\/wp-json\/wp\/v2\/pages\/25","targetHints":{"allow":["GET"]}}],"collection":[{"href":"https:\/\/jarrebt.com\/dz\/wp-json\/wp\/v2\/pages"}],"about":[{"href":"https:\/\/jarrebt.com\/dz\/wp-json\/wp\/v2\/types\/page"}],"author":[{"embeddable":true,"href":"https:\/\/jarrebt.com\/dz\/wp-json\/wp\/v2\/users\/1"}],"replies":[{"embeddable":true,"href":"https:\/\/jarrebt.com\/dz\/wp-json\/wp\/v2\/comments?post=25"}],"version-history":[{"count":1,"href":"https:\/\/jarrebt.com\/dz\/wp-json\/wp\/v2\/pages\/25\/revisions"}],"predecessor-version":[{"id":113,"href":"https:\/\/jarrebt.com\/dz\/wp-json\/wp\/v2\/pages\/25\/revisions\/113"}],"wp:featuredmedia":[{"embeddable":true,"href":"https:\/\/jarrebt.com\/dz\/wp-json\/wp\/v2\/media\/18876"}],"wp:attachment":[{"href":"https:\/\/jarrebt.com\/dz\/wp-json\/wp\/v2\/media?parent=25"}],"curies":[{"name":"wp","href":"https:\/\/api.w.org\/{rel}","templated":true}]}}