{"id":2,"date":"2018-11-18T18:50:06","date_gmt":"2018-11-18T17:50:06","guid":{"rendered":"https:\/\/jarrebt.com\/dz\/?page_id=2"},"modified":"2018-12-20T15:45:47","modified_gmt":"2018-12-20T14:45:47","slug":"a-propos-jarrebt-algerie","status":"publish","type":"page","link":"https:\/\/jarrebt.com\/dz\/a-propos-jarrebt-algerie\/","title":{"rendered":"A propos de Jarrebt Alg\u00e9rie"},"content":{"rendered":"<p>Jarrebt Alg\u00e9rie est le premier annuaire social des professionnels et Artisans Alg\u00e9riens test\u00e9s et recommand\u00e9s par les clients. Il s\u2019agit d\u2019un espace de partage des retours d\u2019exp\u00e9riences des consommateurs sur les prestations des professionnels en Alg\u00e9rie. Voir\u00a0<a href=\"https:\/\/jarrebt.com\/dz\/how-it-works\/\">Comment \u00e7a fonctionne<\/a>.<\/p>\n<h2><strong>Notre mission:<\/strong><\/h2>\n<ul>\n<li>Aider le consommateur alg\u00e9rien \u00e0 avoir la meilleure prestation en termes de co\u00fbt, de qualit\u00e9 et de c\u00e9l\u00e9rit\u00e9<\/li>\n<li>Rapprocher les professionnels de qualit\u00e9 de leur client\u00e8le potentielle<\/li>\n<\/ul>\n<h2><strong>Notre Vision:<\/strong><\/h2>\n<ul>\n<li>Cr\u00e9er un espace de partage des retours d\u2019exp\u00e9riences sur la qualit\u00e9 des prestations des professionnels en Alg\u00e9rie<\/li>\n<li>Cr\u00e9er une base de professionnels\u00a0 test\u00e9s et recommand\u00e9s en Alg\u00e9rie avec une attention particuli\u00e8re sur la qualit\u00e9 des prestations.<\/li>\n<\/ul>\n<h2><strong>Responsabilit\u00e9s:<\/strong><\/h2>\n<p>Certes les avis et commentaires des utilisateurs sont revus par Jarrebt.com avant d\u2019\u00eatre approuv\u00e9s et publi\u00e9s sur le site. Cependant, ces avis ne refl\u00e8tent que l\u2019avis dudit utilisateur et Jarrebt.com ne peut en aucun cas \u00eatre consid\u00e9r\u00e9 responsable en cas de non v\u00e9racit\u00e9 des propos annonc\u00e9s par l\u2019utilisateur.<\/p>\n<p>D\u2019autre part Jarrebt.com, veille \u00e0 ne publier que les commentaires d\u2019utilisateurs bien identifi\u00e9s via des comptes Facebook ou Google+ r\u00e9els ou via des emails v\u00e9rifi\u00e9s et confirm\u00e9s.<\/p>\n","protected":false},"excerpt":{"rendered":"<p>Jarrebt Alg\u00e9rie est le premier annuaire social des professionnels et Artisans Alg\u00e9riens test\u00e9s et recommand\u00e9s par les clients. Il s\u2019agit d\u2019un espace de partage des retours d\u2019exp\u00e9riences des consommateurs sur les prestations des professionnels en Alg\u00e9rie. Voir\u00a0Comment \u00e7a fonctionne. Notre mission: Aider le consommateur alg\u00e9rien \u00e0 avoir la meilleure prestation en termes de co\u00fbt, de&hellip;<\/p>\n","protected":false},"author":1,"featured_media":18876,"parent":0,"menu_order":0,"comment_status":"closed","ping_status":"open","template":"","meta":{"footnotes":""},"class_list":["post-2","page","type-page","status-publish","has-post-thumbnail","hentry","content-box content-box-wrapper"],"aioseo_notices":[],"_links":{"self":[{"href":"https:\/\/jarrebt.com\/dz\/wp-json\/wp\/v2\/pages\/2","targetHints":{"allow":["GET"]}}],"collection":[{"href":"https:\/\/jarrebt.com\/dz\/wp-json\/wp\/v2\/pages"}],"about":[{"href":"https:\/\/jarrebt.com\/dz\/wp-json\/wp\/v2\/types\/page"}],"author":[{"embeddable":true,"href":"https:\/\/jarrebt.com\/dz\/wp-json\/wp\/v2\/users\/1"}],"replies":[{"embeddable":true,"href":"https:\/\/jarrebt.com\/dz\/wp-json\/wp\/v2\/comments?post=2"}],"version-history":[{"count":1,"href":"https:\/\/jarrebt.com\/dz\/wp-json\/wp\/v2\/pages\/2\/revisions"}],"predecessor-version":[{"id":18877,"href":"https:\/\/jarrebt.com\/dz\/wp-json\/wp\/v2\/pages\/2\/revisions\/18877"}],"wp:featuredmedia":[{"embeddable":true,"href":"https:\/\/jarrebt.com\/dz\/wp-json\/wp\/v2\/media\/18876"}],"wp:attachment":[{"href":"https:\/\/jarrebt.com\/dz\/wp-json\/wp\/v2\/media?parent=2"}],"curies":[{"name":"wp","href":"https:\/\/api.w.org\/{rel}","templated":true}]}}